{"id":77,"date":"2021-07-25T12:37:26","date_gmt":"2021-07-25T12:37:26","guid":{"rendered":"https:\/\/egany.com\/ecommerce-cro\/index.php\/home-1\/"},"modified":"2022-02-14T15:45:52","modified_gmt":"2022-02-14T08:45:52","slug":"home-1","status":"publish","type":"page","link":"https:\/\/egany.com\/ecommerce-cro\/","title":{"rendered":"Home (default)"},"content":{"rendered":"\t\t<div data-elementor-type=\"wp-page\" data-elementor-id=\"77\" class=\"elementor elementor-77\">\n\t\t\t\t\t\t<section class=\"elementor-section elementor-top-section elementor-element elementor-element-c3793b1 elementor-section-boxed elementor-section-height-default elementor-section-height-default\" data-id=\"c3793b1\" data-element_type=\"section\">\n\t\t\t\t\t\t<div class=\"elementor-container elementor-column-gap-default\">\n\t\t\t\t\t<div class=\"elementor-column elementor-col-66 elementor-top-column elementor-element elementor-element-195033d\" data-id=\"195033d\" data-element_type=\"column\">\n\t\t\t<div class=\"elementor-widget-wrap elementor-element-populated\">\n\t\t\t\t\t\t<div class=\"elementor-element elementor-element-8f78845 elementor-widget elementor-widget-jnews_hero_13_elementor\" data-id=\"8f78845\" data-element_type=\"widget\" data-widget_type=\"jnews_hero_13_elementor.default\">\n\t\t\t\t<div class=\"elementor-widget-container\">\n\t\t\t<div  class=\"jeg_heroblock jeg_heroblock_13 jeg_col_2o3 jeg_hero_style_4 jnews_module__0_69dfca75bcdd9  \" data-margin=\"0\" >\n                <div class=\"jeg_hero_wrapper\"><div class=\"jeg_heroblock_wrapper\" style='margin: 0px 0px -0px -0px;'>\n\t                <article class=\"jeg_post jeg_hero_item_1 format-standard\" style=\"padding: 0 0 0px 0px;\">\n                        <div class=\"jeg_block_container\">\n                            \n                            <span class=\"jeg_postformat_icon\"><\/span>\n                            <div class=\"jeg_thumb\">\n                                <a href=\"https:\/\/egany.com\/ecommerce-cro\/bien-sale-popups-tu-phien-toai-thanh-vu-khi-tang-truong-meo-so-7\/\"  aria-label=\"Read article: Bi\u1ebfn Sale Popups t\u1eeb phi\u1ec1n to\u00e1i th\u00e0nh v\u0169 kh\u00ed t\u0103ng tr\u01b0\u1edfng &#8211; M\u1eb9o s\u1ed1 7\"><div class=\"thumbnail-container thumbnail-background\" data-src=\"https:\/\/egany.com\/ecommerce-cro\/wp-content\/uploads\/2024\/12\/Ecommerce-CRO-Tips7.jpg\" >\n                        <div class=\"lazyloaded\" data-src=\"https:\/\/egany.com\/ecommerce-cro\/wp-content\/uploads\/2024\/12\/Ecommerce-CRO-Tips7.jpg\" style=\"background-image: url(https:\/\/egany.com\/ecommerce-cro\/wp-content\/uploads\/2024\/12\/Ecommerce-CRO-Tips7.jpg)\"><\/div>\n                    <\/div><\/a>\n                            <\/div>\n                            <div class=\"jeg_postblock_content\">\n                                <div class=\"jeg_post_category\"><a href=\"https:\/\/egany.com\/ecommerce-cro\/toi-uu-chuyen-doi\/\" class=\"category-toi-uu-chuyen-doi\">T\u1ed1i \u01b0u chuy\u1ec3n \u0111\u1ed5i<\/a><\/div>\n                                <div class=\"jeg_post_info\">\n                                    <h2 class=\"jeg_post_title\">\n                                        <a href=\"https:\/\/egany.com\/ecommerce-cro\/bien-sale-popups-tu-phien-toai-thanh-vu-khi-tang-truong-meo-so-7\/\"  aria-label=\"Read article: Bi\u1ebfn Sale Popups t\u1eeb phi\u1ec1n to\u00e1i th\u00e0nh v\u0169 kh\u00ed t\u0103ng tr\u01b0\u1edfng &#8211; M\u1eb9o s\u1ed1 7\">Bi\u1ebfn Sale Popups t\u1eeb phi\u1ec1n to\u00e1i th\u00e0nh v\u0169 kh\u00ed t\u0103ng tr\u01b0\u1edfng &#8211; M\u1eb9o s\u1ed1 7<\/a>\n                                    <\/h2>\n                                    <div class=\"jeg_post_meta\"><div class=\"jeg_meta_date\"><a href=\"https:\/\/egany.com\/ecommerce-cro\/bien-sale-popups-tu-phien-toai-thanh-vu-khi-tang-truong-meo-so-7\/\"><i class=\"fa fa-clock-o\"><\/i> 18\/12\/2024<\/a><\/div><div class=\"jeg_meta_views\"><a href=\"https:\/\/egany.com\/ecommerce-cro\/bien-sale-popups-tu-phien-toai-thanh-vu-khi-tang-truong-meo-so-7\/\" ><i class=\"fa fa-eye\"><\/i> 84 <\/a><\/div><\/div>\n                                <\/div>\n                            <\/div>\n                        <\/div>\n                    <\/article>\n\t            <\/div><\/div>\n            <\/div>\n            <style scoped>@media only screen and (min-width: 1025px) { .jeg_heroblock.jnews_module__0_69dfca75bcdd9 .jeg_heroblock_wrapper{ height: 352px; } }@media only screen and (max-width: 1024px) and (min-width: 769px) { .jeg_heroblock.jnews_module__0_69dfca75bcdd9 .jeg_heroblock_wrapper{ height: 352px; } }<\/style>\t\t<\/div>\n\t\t\t\t<\/div>\n\t\t\t\t\t<\/div>\n\t\t<\/div>\n\t\t\t\t<div class=\"elementor-column elementor-col-33 elementor-top-column elementor-element elementor-element-4aedf92\" data-id=\"4aedf92\" data-element_type=\"column\">\n\t\t\t<div class=\"elementor-widget-wrap elementor-element-populated\">\n\t\t\t\t\t\t<div class=\"elementor-element elementor-element-CrQXUbK elementor-widget elementor-widget-jnews_block_31_elementor\" data-id=\"CrQXUbK\" data-element_type=\"widget\" data-widget_type=\"jnews_block_31_elementor.default\">\n\t\t\t\t<div class=\"elementor-widget-container\">\n\t\t\t<div  class=\"jeg_postblock_31 jeg_postblock jeg_module_hook jeg_pagination_disable jeg_col_1o3 jnews_module__1_69dfca75c1e69 vc_custom_1560238121288  \" data-unique=\"jnews_module__1_69dfca75c1e69\">\n\t\t\t\t\t\n\t\t\t\t\t<div class=\"jeg_block_container\">\n                \n                <div class=\"jeg_posts jeg_load_more_flag \">\n                    <article class=\"jeg_post jeg_pl_sm_2 format-standard\">\n                    <div class=\"jeg_postblock_content\">\n                        <div class=\"jeg_post_category\">\n                            <a href=\"https:\/\/egany.com\/ecommerce-cro\/talk-show\/\" class=\"category-talk-show\">Talk Show<\/a>\n                        <\/div>\n                        <h3 class=\"jeg_post_title\">\n                            <a href=\"https:\/\/egany.com\/ecommerce-cro\/cong-cu-ban-hang-ngam-tren-website-ma-cac-chu-shop-thuong-bo-qua-meo-so-8\/\">C\u00f4ng c\u1ee5 b\u00e1n h\u00e0ng ng\u1ea7m tr\u00ean website m\u00e0 c\u00e1c ch\u1ee7 shop th\u01b0\u1eddng b\u1ecf qua &#8211; M\u1eb9o s\u1ed1 8<\/a>\n                        <\/h3>\n                        <div class=\"jeg_post_meta\"><div class=\"jeg_meta_date\"><a href=\"https:\/\/egany.com\/ecommerce-cro\/cong-cu-ban-hang-ngam-tren-website-ma-cac-chu-shop-thuong-bo-qua-meo-so-8\/\" ><i class=\"fa fa-clock-o\"><\/i> 30\/12\/2024<\/a><\/div><div class=\"jeg_meta_views\"><a href=\"https:\/\/egany.com\/ecommerce-cro\/cong-cu-ban-hang-ngam-tren-website-ma-cac-chu-shop-thuong-bo-qua-meo-so-8\/\" ><i class=\"fa fa-eye\"><\/i> 51 <\/a><\/div><\/div>\n                    <\/div>\n                <\/article><article class=\"jeg_post jeg_pl_sm_2 format-standard\">\n                    <div class=\"jeg_postblock_content\">\n                        <div class=\"jeg_post_category\">\n                            <a href=\"https:\/\/egany.com\/ecommerce-cro\/toi-uu-chuyen-doi\/\" class=\"category-toi-uu-chuyen-doi\">T\u1ed1i \u01b0u chuy\u1ec3n \u0111\u1ed5i<\/a>\n                        <\/div>\n                        <h3 class=\"jeg_post_title\">\n                            <a href=\"https:\/\/egany.com\/ecommerce-cro\/bien-sale-popups-tu-phien-toai-thanh-vu-khi-tang-truong-meo-so-7\/\">Bi\u1ebfn Sale Popups t\u1eeb phi\u1ec1n to\u00e1i th\u00e0nh v\u0169 kh\u00ed t\u0103ng tr\u01b0\u1edfng &#8211; M\u1eb9o s\u1ed1 7<\/a>\n                        <\/h3>\n                        <div class=\"jeg_post_meta\"><div class=\"jeg_meta_date\"><a href=\"https:\/\/egany.com\/ecommerce-cro\/bien-sale-popups-tu-phien-toai-thanh-vu-khi-tang-truong-meo-so-7\/\" ><i class=\"fa fa-clock-o\"><\/i> 18\/12\/2024<\/a><\/div><div class=\"jeg_meta_views\"><a href=\"https:\/\/egany.com\/ecommerce-cro\/bien-sale-popups-tu-phien-toai-thanh-vu-khi-tang-truong-meo-so-7\/\" ><i class=\"fa fa-eye\"><\/i> 84 <\/a><\/div><\/div>\n                    <\/div>\n                <\/article>\n                <\/div>\n                <div class='module-overlay'>\n\t\t\t\t    <div class='preloader_type preloader_dot'>\n\t\t\t\t        <div class=\"module-preloader jeg_preloader dot\">\n\t\t\t\t            <span><\/span><span><\/span><span><\/span>\n\t\t\t\t        <\/div>\n\t\t\t\t        <div class=\"module-preloader jeg_preloader circle\">\n\t\t\t\t            <div class=\"jnews_preloader_circle_outer\">\n\t\t\t\t                <div class=\"jnews_preloader_circle_inner\"><\/div>\n\t\t\t\t            <\/div>\n\t\t\t\t        <\/div>\n\t\t\t\t        <div class=\"module-preloader jeg_preloader square\">\n\t\t\t\t            <div class=\"jeg_square\">\n\t\t\t\t                <div class=\"jeg_square_inner\"><\/div>\n\t\t\t\t            <\/div>\n\t\t\t\t        <\/div>\n\t\t\t\t    <\/div>\n\t\t\t\t<\/div>\n            <\/div>\n            <div class=\"jeg_block_navigation\">\n                <div class='navigation_overlay'><div class='module-preloader jeg_preloader'><span><\/span><span><\/span><span><\/span><\/div><\/div>\n                \n                \n            <\/div>\n\t\t\t\t\t\n\t\t\t\t\t<script>var jnews_module__1_69dfca75c1e69 = {\"header_icon\":\"\",\"first_title\":\"\",\"second_title\":\"\",\"url\":\"\",\"header_type\":\"heading_9\",\"header_background\":\"\",\"header_secondary_background\":\"\",\"header_text_color\":\"\",\"header_line_color\":\"\",\"header_accent_color\":\"\",\"header_filter_category\":\"\",\"header_filter_author\":\"\",\"header_filter_tag\":\"\",\"header_filter_text\":\"All\",\"sticky_post\":false,\"post_type\":\"post\",\"content_type\":\"all\",\"sponsor\":false,\"number_post\":2,\"post_offset\":{\"unit\":\"px\",\"size\":0},\"unique_content\":\"unique2\",\"include_post\":\"\",\"included_only\":false,\"exclude_post\":\"\",\"include_category\":\"\",\"exclude_category\":\"\",\"include_author\":\"\",\"include_tag\":\"\",\"exclude_tag\":\"\",\"sort_by\":\"latest\",\"date_format\":\"default\",\"date_format_custom\":\"Y\\\/m\\\/d\",\"pagination_mode\":\"disable\",\"pagination_nextprev_showtext\":\"\",\"pagination_number_post\":{\"unit\":\"px\",\"size\":4,\"sizes\":[]},\"pagination_scroll_limit\":0,\"ads_type\":\"disable\",\"ads_position\":{\"unit\":\"px\",\"size\":1,\"sizes\":[]},\"ads_random\":\"\",\"ads_image\":{\"url\":\"\",\"id\":\"\",\"size\":\"\"},\"ads_image_tablet\":{\"url\":\"\",\"id\":\"\",\"size\":\"\"},\"ads_image_phone\":{\"url\":\"\",\"id\":\"\",\"size\":\"\"},\"ads_image_link\":\"\",\"ads_image_alt\":\"\",\"ads_image_new_tab\":\"\",\"google_publisher_id\":\"\",\"google_slot_id\":\"\",\"google_desktop\":\"auto\",\"google_tab\":\"auto\",\"google_phone\":\"auto\",\"content\":\"\",\"ads_bottom_text\":\"\",\"boxed\":\"\",\"boxed_shadow\":\"\",\"el_id\":\"\",\"el_class\":\"\",\"scheme\":\"\",\"column_width\":\"auto\",\"title_color\":\"\",\"accent_color\":\"\",\"alt_color\":\"\",\"excerpt_color\":\"\",\"css\":\".vc_custom_1560238121288{margin-bottom: -5px !important;}\",\"compatible_column_notice\":\"\",\"_margin\":{\"unit\":\"px\",\"top\":\"0\",\"right\":\"0\",\"bottom\":\"0\",\"left\":\"0\",\"isLinked\":false},\"_padding\":{\"unit\":\"px\",\"top\":\"0\",\"right\":\"0\",\"bottom\":\"0\",\"left\":\"0\",\"isLinked\":true},\"__globals__\":{\"header_line_color\":\"globals\\\/colors?id=secondary\"},\"_title\":\"\",\"_element_width\":\"\",\"_element_width_tablet\":\"\",\"_element_width_mobile\":\"\",\"_position_description\":\"\",\"_position\":\"\",\"_element_id\":\"\",\"_css_classes\":\"\",\"_animation\":\"\",\"_animation_tablet\":\"\",\"_animation_mobile\":\"\",\"animation_duration\":\"\",\"_animation_delay\":\"\",\"_transform_rotate_popover\":\"\",\"_transform_rotateZ_effect\":{\"unit\":\"px\",\"size\":\"\",\"sizes\":[]},\"_transform_rotateZ_effect_tablet\":{\"unit\":\"deg\",\"size\":\"\",\"sizes\":[]},\"_transform_rotateZ_effect_mobile\":{\"unit\":\"deg\",\"size\":\"\",\"sizes\":[]},\"_transform_rotateX_effect\":{\"unit\":\"px\",\"size\":\"\",\"sizes\":[]},\"_transform_rotateX_effect_tablet\":{\"unit\":\"deg\",\"size\":\"\",\"sizes\":[]},\"_transform_rotateX_effect_mobile\":{\"unit\":\"deg\",\"size\":\"\",\"sizes\":[]},\"_transform_rotateY_effect\":{\"unit\":\"px\",\"size\":\"\",\"sizes\":[]},\"_transform_rotateY_effect_tablet\":{\"unit\":\"deg\",\"size\":\"\",\"sizes\":[]},\"_transform_rotateY_effect_mobile\":{\"unit\":\"deg\",\"size\":\"\",\"sizes\":[]},\"_transform_perspective_effect\":{\"unit\":\"px\",\"size\":\"\",\"sizes\":[]},\"_transform_perspective_effect_tablet\":{\"unit\":\"px\",\"size\":\"\",\"sizes\":[]},\"_transform_perspective_effect_mobile\":{\"unit\":\"px\",\"size\":\"\",\"sizes\":[]},\"_transform_translate_popover\":\"\",\"_transform_translateX_effect\":{\"unit\":\"px\",\"size\":\"\",\"sizes\":[]},\"_transform_translateX_effect_tablet\":{\"unit\":\"px\",\"size\":\"\",\"sizes\":[]},\"_transform_translateX_effect_mobile\":{\"unit\":\"px\",\"size\":\"\",\"sizes\":[]},\"_transform_translateY_effect\":{\"unit\":\"px\",\"size\":\"\",\"sizes\":[]},\"_transform_translateY_effect_tablet\":{\"unit\":\"px\",\"size\":\"\",\"sizes\":[]},\"_transform_translateY_effect_mobile\":{\"unit\":\"px\",\"size\":\"\",\"sizes\":[]},\"_transform_scale_popover\":\"\",\"_transform_keep_proportions\":\"yes\",\"_transform_scale_effect\":{\"unit\":\"px\",\"size\":\"\",\"sizes\":[]},\"_transform_scale_effect_tablet\":{\"unit\":\"px\",\"size\":\"\",\"sizes\":[]},\"_transform_scale_effect_mobile\":{\"unit\":\"px\",\"size\":\"\",\"sizes\":[]},\"_transform_scaleX_effect\":{\"unit\":\"px\",\"size\":\"\",\"sizes\":[]},\"_transform_scaleX_effect_tablet\":{\"unit\":\"px\",\"size\":\"\",\"sizes\":[]},\"_transform_scaleX_effect_mobile\":{\"unit\":\"px\",\"size\":\"\",\"sizes\":[]},\"_transform_scaleY_effect\":{\"unit\":\"px\",\"size\":\"\",\"sizes\":[]},\"_transform_scaleY_effect_tablet\":{\"unit\":\"px\",\"size\":\"\",\"sizes\":[]},\"_transform_scaleY_effect_mobile\":{\"unit\":\"px\",\"size\":\"\",\"sizes\":[]},\"_transform_skew_popover\":\"\",\"_transform_skewX_effect\":{\"unit\":\"px\",\"size\":\"\",\"sizes\":[]},\"_transform_skewX_effect_tablet\":{\"unit\":\"deg\",\"size\":\"\",\"sizes\":[]},\"_transform_skewX_effect_mobile\":{\"unit\":\"deg\",\"size\":\"\",\"sizes\":[]},\"_transform_skewY_effect\":{\"unit\":\"px\",\"size\":\"\",\"sizes\":[]},\"_transform_skewY_effect_tablet\":{\"unit\":\"deg\",\"size\":\"\",\"sizes\":[]},\"_transform_skewY_effect_mobile\":{\"unit\":\"deg\",\"size\":\"\",\"sizes\":[]},\"_transform_flipX_effect\":\"\",\"_transform_flipY_effect\":\"\",\"_transform_rotate_popover_hover\":\"\",\"_transform_rotateZ_effect_hover\":{\"unit\":\"px\",\"size\":\"\",\"sizes\":[]},\"_transform_rotateZ_effect_hover_tablet\":{\"unit\":\"deg\",\"size\":\"\",\"sizes\":[]},\"_transform_rotateZ_effect_hover_mobile\":{\"unit\":\"deg\",\"size\":\"\",\"sizes\":[]},\"_transform_rotateX_effect_hover\":{\"unit\":\"px\",\"size\":\"\",\"sizes\":[]},\"_transform_rotateX_effect_hover_tablet\":{\"unit\":\"deg\",\"size\":\"\",\"sizes\":[]},\"_transform_rotateX_effect_hover_mobile\":{\"unit\":\"deg\",\"size\":\"\",\"sizes\":[]},\"_transform_rotateY_effect_hover\":{\"unit\":\"px\",\"size\":\"\",\"sizes\":[]},\"_transform_rotateY_effect_hover_tablet\":{\"unit\":\"deg\",\"size\":\"\",\"sizes\":[]},\"_transform_rotateY_effect_hover_mobile\":{\"unit\":\"deg\",\"size\":\"\",\"sizes\":[]},\"_transform_perspective_effect_hover\":{\"unit\":\"px\",\"size\":\"\",\"sizes\":[]},\"_transform_perspective_effect_hover_tablet\":{\"unit\":\"px\",\"size\":\"\",\"sizes\":[]},\"_transform_perspective_effect_hover_mobile\":{\"unit\":\"px\",\"size\":\"\",\"sizes\":[]},\"_transform_translate_popover_hover\":\"\",\"_transform_translateX_effect_hover\":{\"unit\":\"px\",\"size\":\"\",\"sizes\":[]},\"_transform_translateX_effect_hover_tablet\":{\"unit\":\"px\",\"size\":\"\",\"sizes\":[]},\"_transform_translateX_effect_hover_mobile\":{\"unit\":\"px\",\"size\":\"\",\"sizes\":[]},\"_transform_translateY_effect_hover\":{\"unit\":\"px\",\"size\":\"\",\"sizes\":[]},\"_transform_translateY_effect_hover_tablet\":{\"unit\":\"px\",\"size\":\"\",\"sizes\":[]},\"_transform_translateY_effect_hover_mobile\":{\"unit\":\"px\",\"size\":\"\",\"sizes\":[]},\"_transform_scale_popover_hover\":\"\",\"_transform_keep_proportions_hover\":\"yes\",\"_transform_scale_effect_hover\":{\"unit\":\"px\",\"size\":\"\",\"sizes\":[]},\"_transform_scale_effect_hover_tablet\":{\"unit\":\"px\",\"size\":\"\",\"sizes\":[]},\"_transform_scale_effect_hover_mobile\":{\"unit\":\"px\",\"size\":\"\",\"sizes\":[]},\"_transform_scaleX_effect_hover\":{\"unit\":\"px\",\"size\":\"\",\"sizes\":[]},\"_transform_scaleX_effect_hover_tablet\":{\"unit\":\"px\",\"size\":\"\",\"sizes\":[]},\"_transform_scaleX_effect_hover_mobile\":{\"unit\":\"px\",\"size\":\"\",\"sizes\":[]},\"_transform_scaleY_effect_hover\":{\"unit\":\"px\",\"size\":\"\",\"sizes\":[]},\"_transform_scaleY_effect_hover_tablet\":{\"unit\":\"px\",\"size\":\"\",\"sizes\":[]},\"_transform_scaleY_effect_hover_mobile\":{\"unit\":\"px\",\"size\":\"\",\"sizes\":[]},\"_transform_skew_popover_hover\":\"\",\"_transform_skewX_effect_hover\":{\"unit\":\"px\",\"size\":\"\",\"sizes\":[]},\"_transform_skewX_effect_hover_tablet\":{\"unit\":\"deg\",\"size\":\"\",\"sizes\":[]},\"_transform_skewX_effect_hover_mobile\":{\"unit\":\"deg\",\"size\":\"\",\"sizes\":[]},\"_transform_skewY_effect_hover\":{\"unit\":\"px\",\"size\":\"\",\"sizes\":[]},\"_transform_skewY_effect_hover_tablet\":{\"unit\":\"deg\",\"size\":\"\",\"sizes\":[]},\"_transform_skewY_effect_hover_mobile\":{\"unit\":\"deg\",\"size\":\"\",\"sizes\":[]},\"_transform_flipX_effect_hover\":\"\",\"_transform_flipY_effect_hover\":\"\",\"_background_gradient_notice\":\"\",\"_background_color\":\"\",\"_background_color_b\":\"#f2295b\",\"_background_image\":{\"url\":\"\",\"id\":\"\",\"size\":\"\"},\"_background_video_link\":\"\",\"_background_video_start\":\"\",\"_background_video_end\":\"\",\"_background_play_once\":\"\",\"_background_play_on_mobile\":\"\",\"_background_privacy_mode\":\"\",\"_background_slideshow_gallery\":[],\"_background_slideshow_loop\":\"yes\",\"_background_slideshow_slide_duration\":5000,\"_background_slideshow_slide_transition\":\"fade\",\"_background_slideshow_transition_duration\":500,\"_background_slideshow_lazyload\":\"\",\"_background_slideshow_ken_burns\":\"\",\"_background_slideshow_ken_burns_zoom_direction\":\"in\",\"_background_hover_gradient_notice\":\"\",\"_background_hover_color\":\"\",\"_background_hover_color_b\":\"#f2295b\",\"_background_hover_image\":{\"url\":\"\",\"id\":\"\",\"size\":\"\"},\"_background_hover_video_link\":\"\",\"_background_hover_video_start\":\"\",\"_background_hover_video_end\":\"\",\"_background_hover_play_once\":\"\",\"_background_hover_play_on_mobile\":\"\",\"_background_hover_privacy_mode\":\"\",\"_background_hover_slideshow_gallery\":[],\"_background_hover_slideshow_loop\":\"yes\",\"_background_hover_slideshow_slide_duration\":5000,\"_background_hover_slideshow_slide_transition\":\"fade\",\"_background_hover_slideshow_transition_duration\":500,\"_background_hover_slideshow_lazyload\":\"\",\"_background_hover_slideshow_ken_burns\":\"\",\"_background_hover_slideshow_ken_burns_zoom_direction\":\"in\",\"_mask_switch\":\"\",\"_mask_notice\":\"\",\"hide_desktop\":\"\",\"hide_tablet\":\"\",\"hide_mobile\":\"\",\"paged\":1,\"column_class\":\"jeg_col_1o3\",\"class\":\"jnews_block_31\"};<\/script>\n\t\t\t\t<\/div>\t\t<\/div>\n\t\t\t\t<\/div>\n\t\t\t\t\t<\/div>\n\t\t<\/div>\n\t\t\t\t\t<\/div>\n\t\t<\/section>\n\t\t\t\t<\/div>\n\t\t","protected":false},"excerpt":{"rendered":"<p>edit post Kinh nghi\u1ec7m [Recap] EGA Cafe #9: Gi\u1ea3i ph\u00e1p mua tr\u01b0\u1edbc tr\u1ea3 sau &#8211; t\u0103ng gi\u00e1 tr\u1ecb \u0111\u01a1n h\u00e0ng v\u00e0 t\u1ef7 l\u1ec7 chuy\u1ec3n \u0111\u1ed5i cho ch\u1ee7 shop online 14\/02\/2022 15 Optimal Column This module works best for column 12 ( current column width 4 ). This warning will only show if you login as [&hellip;]<\/p>\n","protected":false},"author":1,"featured_media":0,"parent":0,"menu_order":0,"comment_status":"closed","ping_status":"closed","template":"template-builder.php","meta":{"jnews_page_loop":{"enable_page_loop":"1","first_title":"B\u00e0i vi\u1ebft m\u1edbi","second_title":"","header_type":"heading_5","header_background":"","header_text_color":"","layout":"no-sidebar","sidebar":"default-sidebar","second_sidebar":"default-sidebar","sticky_sidebar":"1","module":"37","boxed":"0","boxed_shadow":"0","box_shadow":"0","excerpt_length":"20","content_date":"default","date_custom":"Y\/m\/d","content_pagination":"nav_1","pagination_align":"center","show_navtext":"0","show_pageinfo":"0","post_offset":"0","posts_per_page":"9","include_post":"","exclude_post":"","include_category":"","exclude_category":"","include_author":"","include_tag":"","exclude_tag":"","sort_by":"latest"},"jnews_single_page":{"layout":"no-sidebar","sidebar":"default-sidebar","second_sidebar":"default-sidebar","sticky_sidebar":"1","show_post_featured":"1","show_post_meta":"0","share_position":"top","share_color":"share-monocrhome"},"jnews_social_meta":{"fb_title":"","fb_description":"","fb_image":"","twitter_title":"","twitter_description":"","twitter_image":""},"footnotes":""},"class_list":["post-77","page","type-page","status-publish","hentry"],"_links":{"self":[{"href":"https:\/\/egany.com\/ecommerce-cro\/wp-json\/wp\/v2\/pages\/77","targetHints":{"allow":["GET"]}}],"collection":[{"href":"https:\/\/egany.com\/ecommerce-cro\/wp-json\/wp\/v2\/pages"}],"about":[{"href":"https:\/\/egany.com\/ecommerce-cro\/wp-json\/wp\/v2\/types\/page"}],"author":[{"embeddable":true,"href":"https:\/\/egany.com\/ecommerce-cro\/wp-json\/wp\/v2\/users\/1"}],"replies":[{"embeddable":true,"href":"https:\/\/egany.com\/ecommerce-cro\/wp-json\/wp\/v2\/comments?post=77"}],"version-history":[{"count":0,"href":"https:\/\/egany.com\/ecommerce-cro\/wp-json\/wp\/v2\/pages\/77\/revisions"}],"wp:attachment":[{"href":"https:\/\/egany.com\/ecommerce-cro\/wp-json\/wp\/v2\/media?parent=77"}],"curies":[{"name":"wp","href":"https:\/\/api.w.org\/{rel}","templated":true}]}}